{"id":160,"date":"2025-12-10T15:18:52","date_gmt":"2025-12-10T15:18:52","guid":{"rendered":"http:\/\/localhost\/wordpress\/?page_id=160"},"modified":"2026-02-26T14:47:46","modified_gmt":"2026-02-26T14:47:46","slug":"home","status":"publish","type":"page","link":"https:\/\/matecznik.piotrkow.zhp.pl\/","title":{"rendered":"Home"},"content":{"rendered":"\n<div style=\"height:41px\" aria-hidden=\"true\" class=\"wp-block-spacer\"><\/div>\n\n\n\n<div class=\"wp-block-group alignwide is-layout-grid wp-container-core-group-is-layout-0a017bbe wp-block-group-is-layout-grid\">\n<figure class=\"wp-block-image size-full wp-container-content-436ad728\"><img loading=\"lazy\" decoding=\"async\" width=\"720\" height=\"720\" src=\"http:\/\/matecznik.piotrkow.zhp.pl\/wp-content\/uploads\/2025\/12\/logo.jpg\" alt=\"\" class=\"wp-image-170\" style=\"box-shadow:var(--wp--preset--shadow--natural)\"\/><\/figure>\n\n\n\n<div class=\"wp-block-group wp-container-content-9e3c5233 has-global-padding is-layout-constrained wp-container-core-group-is-layout-2a1526ca wp-block-group-is-layout-constrained\" style=\"margin-top:0;margin-bottom:0;padding-top:var(--wp--preset--spacing--10);padding-right:var(--wp--preset--spacing--10);padding-bottom:var(--wp--preset--spacing--10);padding-left:var(--wp--preset--spacing--10)\">\n<p><strong>O Szczepie:<\/strong><\/p>\n\n\n\n<p>I \u015arodowiskowy Szczep Harcerski &#8220;Matecznik&#8221; to silna i pr\u0119\u017cnie rozwijaj\u0105ce si\u0119 \u015brodowisko, dzia\u0142aj\u0105cy nieprzerwanie od<br>1989 r.<br>W sk\u0142ad naszego szczepu wchodz\u0105 trzy Gromady Zuchowe, cztery Dru\u017cyny Harcerskie oraz jedna Dru\u017cyna w\u0119drownicza.<br>Przy naszym szczepie dzia\u0142a r\u00f3wnie\u017c kr\u0105g instruktorski &#8220;Wataha&#8221; zrzeszaj\u0105cy instruktor\u00f3w z naszego szczepu, poczta harcerska nr. 115 oraz bractwo kwatermistrzowskie. Szczep posiada w\u0142asn\u0105 piosenk\u0119, kt\u00f3ra rozpoczyna si\u0119 ka\u017cde ognisko obrz\u0119dowe<\/p>\n<\/div>\n\n\n\n<div class=\"wp-block-group wp-container-content-436ad728 has-global-padding is-layout-constrained wp-block-group-is-layout-constrained\">\n<div class=\"wp-block-group has-background has-global-padding is-layout-constrained wp-container-core-group-is-layout-1131737d wp-block-group-is-layout-constrained\" style=\"border-width:2px;border-top-left-radius:5px;border-top-right-radius:5px;border-bottom-left-radius:5px;border-bottom-right-radius:5px;background-color:#d3d3d3;margin-top:0;margin-bottom:0;padding-top:var(--wp--preset--spacing--20);padding-right:var(--wp--preset--spacing--20);padding-bottom:var(--wp--preset--spacing--20);padding-left:var(--wp--preset--spacing--20)\">\n<p class=\"has-contrast-color has-text-color has-link-color wp-elements-4cdfe26de40954a8a11078c3876fc2b0\"><strong>Kontakt:<\/strong><\/p>\n\n\n\n<p><em>Komendant Szczepu:<\/em> phm. Aleksandra Szczepanik<\/p>\n\n\n\n<p><em>Nr. Telefonu:<\/em> <a href=\"tel:782390073\">782 390 073<\/a><\/p>\n\n\n\n<p><em>Email:<\/em> <a href=\"mailto:czajka.nadia@zhp.net.pl\">aleksandra.szczepanik@zhp.net.pl<\/a><\/p>\n<\/div>\n\n\n\n<div class=\"wp-block-group has-background has-global-padding is-layout-constrained wp-container-core-group-is-layout-c385debf wp-block-group-is-layout-constrained\" style=\"border-width:2px;border-top-left-radius:5px;border-top-right-radius:5px;border-bottom-left-radius:5px;border-bottom-right-radius:5px;background-color:#d3d3d3;padding-top:var(--wp--preset--spacing--20);padding-right:var(--wp--preset--spacing--20);padding-bottom:var(--wp--preset--spacing--20);padding-left:var(--wp--preset--spacing--20)\">\n<p><strong>Harc\u00f3wka Szczepu:<\/strong><\/p>\n\n\n\n<p>Harc\u00f3wka Szczepu &#8220;Matecznik&#8221;<\/p>\n\n\n\n<p>97-300, Piotrk\u00f3w Trybunalski, ul. Sienkiewicza 7<\/p>\n<\/div>\n<\/div>\n\n\n\n<div class=\"wp-block-group wp-container-content-4b53a3c0 has-global-padding is-layout-constrained wp-block-group-is-layout-constrained\">\n<figure data-wp-context=\"{&quot;imageId&quot;:&quot;69e3ba97374a0&quot;}\" data-wp-interactive=\"core\/image\" data-wp-key=\"69e3ba97374a0\" class=\"wp-block-image size-full has-custom-border wp-container-content-5f80b302 wp-lightbox-container\"><img loading=\"lazy\" decoding=\"async\" width=\"727\" height=\"1023\" data-wp-class--hide=\"state.isContentHidden\" data-wp-class--show=\"state.isContentVisible\" data-wp-init=\"callbacks.setButtonStyles\" data-wp-on--click=\"actions.showLightbox\" data-wp-on--load=\"callbacks.setButtonStyles\" data-wp-on-window--resize=\"callbacks.setButtonStyles\" src=\"http:\/\/matecznik.piotrkow.zhp.pl\/wp-content\/uploads\/2025\/12\/matecznik-piosenka.png\" alt=\"\" class=\"wp-image-185\" style=\"border-width:2px;border-top-left-radius:5px;border-top-right-radius:5px;border-bottom-left-radius:5px;border-bottom-right-radius:5px;object-fit:cover\"\/><button\n\t\t\tclass=\"lightbox-trigger\"\n\t\t\ttype=\"button\"\n\t\t\taria-haspopup=\"dialog\"\n\t\t\taria-label=\"Enlarge\"\n\t\t\tdata-wp-init=\"callbacks.initTriggerButton\"\n\t\t\tdata-wp-on--click=\"actions.showLightbox\"\n\t\t\tdata-wp-style--right=\"state.imageButtonRight\"\n\t\t\tdata-wp-style--top=\"state.imageButtonTop\"\n\t\t>\n\t\t\t<svg xmlns=\"http:\/\/www.w3.org\/2000\/svg\" width=\"12\" height=\"12\" fill=\"none\" viewBox=\"0 0 12 12\">\n\t\t\t\t<path fill=\"#fff\" d=\"M2 0a2 2 0 0 0-2 2v2h1.5V2a.5.5 0 0 1 .5-.5h2V0H2Zm2 10.5H2a.5.5 0 0 1-.5-.5V8H0v2a2 2 0 0 0 2 2h2v-1.5ZM8 12v-1.5h2a.5.5 0 0 0 .5-.5V8H12v2a2 2 0 0 1-2 2H8Zm2-12a2 2 0 0 1 2 2v2h-1.5V2a.5.5 0 0 0-.5-.5H8V0h2Z\" \/>\n\t\t\t<\/svg>\n\t\t<\/button><\/figure>\n<\/div>\n<\/div>\n\n\n\n<div style=\"height:38px\" aria-hidden=\"true\" class=\"wp-block-spacer\"><\/div>\n","protected":false},"excerpt":{"rendered":"<p>O Szczepie: I \u015arodowiskowy Szczep Harcerski &#8220;Matecznik&#8221; to silna i pr\u0119\u017cnie rozwijaj\u0105ce si\u0119 \u015brodowisko, dzia\u0142aj\u0105cy nieprzerwanie od1989 r.W sk\u0142ad naszego szczepu wchodz\u0105 trzy Gromady Zuchowe, cztery Dru\u017cyny Harcerskie oraz jedna Dru\u017cyna w\u0119drownicza.Przy naszym szczepie dzia\u0142a r\u00f3wnie\u017c kr\u0105g instruktorski &#8220;Wataha&#8221; zrzeszaj\u0105cy instruktor\u00f3w z naszego szczepu, poczta harcerska nr. 115 oraz bractwo kwatermistrzowskie. Szczep posiada w\u0142asn\u0105 piosenk\u0119, [&hellip;]<\/p>\n","protected":false},"author":1,"featured_media":0,"parent":0,"menu_order":0,"comment_status":"closed","ping_status":"closed","template":"page-no-title","meta":{"footnotes":""},"class_list":["post-160","page","type-page","status-publish","hentry"],"_links":{"self":[{"href":"https:\/\/matecznik.piotrkow.zhp.pl\/index.php\/wp-json\/wp\/v2\/pages\/160","targetHints":{"allow":["GET"]}}],"collection":[{"href":"https:\/\/matecznik.piotrkow.zhp.pl\/index.php\/wp-json\/wp\/v2\/pages"}],"about":[{"href":"https:\/\/matecznik.piotrkow.zhp.pl\/index.php\/wp-json\/wp\/v2\/types\/page"}],"author":[{"embeddable":true,"href":"https:\/\/matecznik.piotrkow.zhp.pl\/index.php\/wp-json\/wp\/v2\/users\/1"}],"replies":[{"embeddable":true,"href":"https:\/\/matecznik.piotrkow.zhp.pl\/index.php\/wp-json\/wp\/v2\/comments?post=160"}],"version-history":[{"count":28,"href":"https:\/\/matecznik.piotrkow.zhp.pl\/index.php\/wp-json\/wp\/v2\/pages\/160\/revisions"}],"predecessor-version":[{"id":284,"href":"https:\/\/matecznik.piotrkow.zhp.pl\/index.php\/wp-json\/wp\/v2\/pages\/160\/revisions\/284"}],"wp:attachment":[{"href":"https:\/\/matecznik.piotrkow.zhp.pl\/index.php\/wp-json\/wp\/v2\/media?parent=160"}],"curies":[{"name":"wp","href":"https:\/\/api.w.org\/{rel}","templated":true}]}}