{"id":228,"date":"2025-12-11T13:47:40","date_gmt":"2025-12-11T13:47:40","guid":{"rendered":"http:\/\/localhost\/wordpress\/?page_id=228"},"modified":"2025-12-11T13:53:56","modified_gmt":"2025-12-11T13:53:56","slug":"polityka-prywatnosci","status":"publish","type":"page","link":"https:\/\/matecznik.piotrkow.zhp.pl\/index.php\/polityka-prywatnosci\/","title":{"rendered":"Polityka prywatno\u015bci"},"content":{"rendered":"\n<div style=\"height:49px\" aria-hidden=\"true\" class=\"wp-block-spacer\"><\/div>\n\n\n\n<p class=\"has-text-align-center has-x-large-font-size\"><strong><em>Polityka Prywatno\u015bci<\/em><\/strong><\/p>\n\n\n\n<p><strong>Druhny i druhowie, Drodzy Rodzice!<\/strong><\/p>\n\n\n\n<p>W zwi\u0105zku z nowymi regulacjami o ochronie danych osobowych, spe\u0142niamy nasz obowi\u0105zek informacyjny o tym, jak przetwarzamy Pa\u0144stwa dane i dane Waszych dzieci. Poni\u017cej wyja\u015bniamy najwa\u017cniejsze kwestie.<\/p>\n\n\n\n<p><strong>Kto jest administratorem Pa\u0144stwa danych?<\/strong><\/p>\n\n\n\n<p>Administratorem, czyli podmiotem, kt\u00f3ry decyduje jak b\u0119d\u0105 wykorzystywane Pa\u0144stwa dane osobowe jest Zwi\u0105zek Harcerstwa Polskiego Chor\u0105giew \u0141\u00f3dzka z siedzib\u0105 w \u0141odzi (ZHP Chor\u0105giew \u0141\u00f3dzka), pod adresem ul. Stefanowskiego 19, 90-537 \u0141\u00f3d\u017a, zarejestrowana w Krajowym Rejestrze S\u0105dowym, pod numerem KRS: 0000283814, NIP: 727-012-60-45, REGON: 100376446, tel. 501-899-336, e-mail: biuro@lodzka.zhp.pl<\/p>\n\n\n\n<p><strong>Jak si\u0119 mo\u017cna z nami skontaktowa\u0107?<\/strong><\/p>\n\n\n\n<p>W razie jakichkolwiek pyta\u0144 zach\u0119camy do kontaktu:<\/p>\n\n\n\n<p>ZHP Chor\u0105giew \u0141\u00f3dzka<\/p>\n\n\n\n<p>tel: 501-899-336<\/p>\n\n\n\n<p>e-mail: biuro@lodzka.zhp.pl<\/p>\n\n\n\n<p>Od poniedzia\u0142ku do pi\u0105tku w godz. 8.30\u201316.30., a w \u015brod\u0119 w godz. 10:00-18:00<\/p>\n\n\n\n<p>Inspektor Danych Osobowych ZHP:<\/p>\n\n\n\n<p>Andrzej Rybus-To\u0142\u0142oczko<\/p>\n\n\n\n<p>zhp-iodo@rt-net.pl<\/p>\n\n\n\n<p>tel. +48 888 942 222<\/p>\n\n\n\n<p><strong>Sk\u0105d mamy Pa\u0144stwa dane?<\/strong><\/p>\n\n\n\n<p>Dane otrzymali\u015bmy od Pa\u0144stwa. podczas zapisu dziecka do naszej organizacji, wype\u0142niaj\u0105c kart\u0119 cz\u0142onkowsk\u0105 lub podczas zapisu na organizowane przez nas r\u00f3\u017cne formy wypoczynku (obozy, kolonie, ferie) i aktywno\u015bci turystyczno \u2013 rekreacyjnej, w tym organizacji wojew\u00f3dzkich konkurs\u00f3w., szkole\u0144 i konferencji, wyjazd\u00f3w\/biwak\u00f3w\/rajd\u00f3w.<\/p>\n\n\n\n<p><strong>Czy musz\u0105 Pa\u0144stwo podawa\u0107 nam swoje dane?<\/strong><\/p>\n\n\n\n<p>Podanie przez Pa\u0144stwa danych jest dobrowolne, ale niekt\u00f3re dane mog\u0105 by\u0107 niezb\u0119dne do zawarcia Umowy, realizacji zaakceptowanego regulaminu i prawid\u0142owego \u015bwiadczenia naszych us\u0142ug, lub aby spe\u0142ni\u0107 wymagania okre\u015blone przepisami prawa kt\u00f3rych musimy przestrzega\u0107 lub procedur wewn\u0119trznych wynikaj\u0105cych z wdro\u017conych i funkcjonuj\u0105cych w ZHP standard\u00f3w.<\/p>\n\n\n\n<p>Je\u015bli z jakiego\u015b powodu nie podadz\u0105 Pa\u0144stwo danych osobowych, niezb\u0119dnych do zawarcia umowy niestety nie b\u0119dziemy mogli zawrze\u0107 umowy lub nie b\u0119dziemy mogli przyj\u0105\u0107 dziecko w szeregi ZHP, a w konsekwencji nie b\u0119d\u0105 mogli Pa\u0144stwo korzysta\u0107 z naszych us\u0142ug.<\/p>\n\n\n\n<p><strong>Jaki jest cel i podstawa prawna przetwarzania pa\u0144stwa danych osobowych?<\/strong><\/p>\n\n\n\n<p>Przetwarzamy Pa\u0144stwa dane osobowe i dane osobowe Pa\u0144stwa dzieci w celach zwi\u0105zanych z realizacj\u0105 misji i statutu Zwi\u0105zku Harcerstwa Polskiego, poniewa\u017c s\u0105 one niezb\u0119dne do realizacji postanowie\u0144 zaakceptowanego regulaminu oraz wykonania zawartej umowy lub do kontaktu z Pa\u0144stwem. Ponadto Pa\u0144stwa dane przetwarzane s\u0105 w celu:<\/p>\n\n\n\n<ul class=\"wp-block-list\">\n<li>dochodzenia roszcze\u0144 w zwi\u0105zku z wykonywaniem umowy,<\/li>\n\n\n\n<li>kontaktowania si\u0119 z Pa\u0144stwem w celach reklamacyjnych,<\/li>\n\n\n\n<li>kontaktowania si\u0119 z Pa\u0144stwem w celach podatkowych i rachunkowych,<\/li>\n\n\n\n<li>przechowywania danych dla cel\u00f3w archiwizacyjnych, oraz zapewnienie rozliczalno\u015bci (wykazania spe\u0142nienia przez nas obowi\u0105zk\u00f3w wynikaj\u0105cych z przepis\u00f3w prawa).<\/li>\n<\/ul>\n\n\n\n<p>Przetwarzamy Pa\u0144stwa dane osobowe r\u00f3wnie\u017c w celach wskazanych poni\u017cej, na podstawie prawnie uzasadnionego interesu ZHP Chor\u0105gwi \u0141\u00f3dzkiej.<\/p>\n\n\n\n<p>Je\u015bli si\u0119 na to Pa\u0144stwo zgodzili przetwarzamy dane osobowe w celu:<\/p>\n\n\n\n<ul class=\"wp-block-list\">\n<li>kontaktowania si\u0119 w celach marketingowych,<\/li>\n\n\n\n<li>zapewnienia bezpiecze\u0144stwa i ochrony zdrowia uczestnika wypoczynku<\/li>\n\n\n\n<li>przechowywania wizerunku Pa\u0144stwa dziecka w postaci nagrania filmowego oraz zdj\u0119cia<\/li>\n\n\n\n<li>zapisywania danych w plikach cookiem.<\/li>\n<\/ul>\n\n\n\n<p>Zgod\u0119 na przetwarzanie danych osobowych mog\u0105 Pa\u0144stwo wycofa\u0107 w dowolnym momencie w ten sam spos\u00f3b jaki zosta\u0142a wyra\u017cona. B\u0119dziemy przetwarza\u0107 Pa\u0144stwa dane osobowe i dane osobowe dzieci dop\u00f3ki nie wycofaj\u0105 Pa\u0144stwo zgody. Cofni\u0119cie zgody na przetwarzanie danych do cel\u00f3w statutowych ZHP b\u0119dzie jednoznaczne z wyga\u015bni\u0119ciem cz\u0142onkowska w naszej organizacji. Nie mo\u017cemy bowiem wychowywa\u0107, kszta\u0142ci\u0107 i rozwija\u0107 pa\u0144stwa dzieci nie posiadaj\u0105c niezb\u0119dnej wiedzy na ich temat.<\/p>\n\n\n\n<p><strong>Do kiedy b\u0119dziemy przechowywa\u0107 Pa\u0144stwa dane?<\/strong><\/p>\n\n\n\n<p>B\u0119dziemy przetwarza\u0107 Pa\u0144stwa dane najkr\u00f3cej, jak to jest mo\u017cliwe. Dla poszczeg\u00f3lnych przypadk\u00f3w czas przetwarzania danych jest nast\u0119puj\u0105cy:<\/p>\n\n\n\n<ul class=\"wp-block-list\">\n<li>w przypadku, gdy przetwarzamy Pa\u0144stwa dane na podstawie umowy, przetwarzanie b\u0119dzie trwa\u0142o dop\u00f3ki trwa umowa oraz okres przedawnienia ewentualnych roszcze\u0144,<\/li>\n\n\n\n<li>je\u017celi zosta\u0142a wyra\u017cona zgoda na przetwarzanie dla okre\u015blonego celu, b\u0119dziemy przetwarza\u0107 Pa\u0144stwa dane osobowe do czasu odwo\u0142ania zgody,<\/li>\n\n\n\n<li>dane, kt\u00f3re przetwarzamy w ramach realizacji prawnie usprawiedliwionego interesu przetwarza\u0107 b\u0119dziemy dop\u00f3ki trwa ten interes,<\/li>\n<\/ul>\n\n\n\n<p><strong>Komu udost\u0119pniamy Pa\u0144stwa dane osobowe?<\/strong><\/p>\n\n\n\n<p>Nie udost\u0119pniamy Pa\u0144stwa danych osobom lub podmiotom trzecim. Nie przekazujemy Pa\u0144stwa danych do pa\u0144stw trzecich. Wyj\u0105tkiem od tej zasady s\u0105 sytuacje, gdy udost\u0119pnienie jest konieczne w celu realizacji us\u0142ugi. Odbiorcami Pa\u0144stwa danych mog\u0105 by\u0107 Towarzystwa Ubezpieczeniowe, firmy transportowe. Podane dane s\u0105 niezb\u0119dne do realizacji us\u0142ugi.<\/p>\n\n\n\n<p>W szczeg\u00f3lnych przypadkach Pa\u0144stwa dane mog\u0105 zosta\u0107 udost\u0119pnione podmiotom uprawnionym do tego na podstawie powszechnie obowi\u0105zuj\u0105cych przepis\u00f3w prawa (np. Ministerstwu Edukacji Narodowej, Kuratorium O\u015bwiaty, innym dostawcom us\u0142ug p\u0142atniczych). Ka\u017cdy wniosek o udost\u0119pnienie jest przez nas wnikliwie badany, a przekazanie danych nast\u0119puje tylko w przypadku, gdy w wyniku tej analizy stwierdzimy, \u017ce istnieje wa\u017cna i skuteczna podstawa prawna do \u017c\u0105dania ujawnienia tym podmiotom Pa\u0144stwa danych.<\/p>\n\n\n\n<p><strong>Jakie maj\u0105 Pa\u0144stwo uprawnienia wobec ZHP chor\u0105gwi \u0142\u00f3dzkie w zakresie przetwarzanych danych?<\/strong><\/p>\n\n\n\n<p>W zwi\u0105zku z tym, \u017ce powierzaj\u0105 nam Pa\u0144stwo swoje dane osobowe, mamy wobec Pa\u0144stwa nast\u0119puj\u0105ce zobowi\u0105zania:<\/p>\n\n\n\n<ul class=\"wp-block-list\">\n<li>mog\u0105 Pa\u0144stwo \u017c\u0105da\u0107 sprostowania danych: je\u017celi dane s\u0105 nieprawid\u0142owe lub niekompletne,<\/li>\n\n\n\n<li>mog\u0105 Pa\u0144stwo \u017c\u0105da\u0107 usuni\u0119cia danych: \u017c\u0105danie zostanie przez nas niezw\u0142ocznie spe\u0142nione, o ile do dalszego przetwarzania danych nie obliguj\u0105 nas przepisy prawa, z przepis\u00f3w prawa nie wynika obowi\u0105zek, kt\u00f3ry musimy zrealizowa\u0107, lub gdy dane osobowe nie s\u0105 nam niezb\u0119dne do ustalenia, dochodzenia lub obrony roszcze\u0144. Pa\u0144stwa dane zostan\u0105 usuni\u0119te je\u017celi:\n<ul class=\"wp-block-list\">\n<li>nie s\u0105 ju\u017c niezb\u0119dne do cel\u00f3w w kt\u00f3rych zosta\u0142y zebrane lub w inny spos\u00f3b przetwarzane,<\/li>\n\n\n\n<li>przetwarzali\u015bmy je na podstawie wyra\u017conej zgody, kt\u00f3r\u0105 Pa\u0144stwo wycofali, a nie istnieje inna podstawa prawna ich przetwarzania,<\/li>\n\n\n\n<li>wnie\u015bli Pa\u0144stwo sprzeciw wobec przetwarzania danych w ramach realizacji prawnie usprawiedliwionego interesu administratora, a jednocze\u015bnie nie zachodz\u0105 inne okoliczno\u015bci, kt\u00f3re usprawiedliwiaj\u0105 dalsze przetwarzanie danych,<\/li>\n\n\n\n<li>dane osobowe by\u0142y przetwarzane niezgodnie z prawem,<\/li>\n\n\n\n<li>dane osobowe musz\u0105 zosta\u0107 usuni\u0119te ze wzgl\u0119du na obowi\u0105zek wynikaj\u0105cy z przepis\u00f3w prawa.<\/li>\n<\/ul>\n<\/li>\n\n\n\n<li>mog\u0105 Pa\u0144stwo \u017c\u0105da\u0107 ograniczenia przetwarzania danych: je\u017celi dane s\u0105 nieprawid\u0142owe \u2013 mog\u0105 Pa\u0144stwo \u017c\u0105da\u0107 ograniczenia przetwarzania danych na okres pozwalaj\u0105cy nam sprawdzi\u0107 prawid\u0142owo\u015b\u0107 tych danych; je\u017celi Pa\u0144stwa dane b\u0119d\u0105 przetwarzane niezgodnie z prawem, ale nie b\u0119d\u0105 Pa\u0144stwo chcieli, aby zosta\u0142y usuni\u0119te;<\/li>\n\n\n\n<li>w odniesieniu do \u017c\u0105dania przeniesienia danych: je\u017celi przetwarzanie Pa\u0144stwa danych odbywa si\u0119 na podstawie zgody lub umowy z Pa\u0144stwem zawartej oraz, gdy przetwarzanie to odbywa si\u0119 w spos\u00f3b automatyczny.<\/li>\n<\/ul>\n\n\n\n<p>Maj\u0105 Pa\u0144stwo prawo wnie\u015b\u0107 skarg\u0119 w zwi\u0105zku z przetwarzaniem przez nas danych osobowych do organu nadzorczego, kt\u00f3rym jest Generalny Inspektor Ochrony Danych Osobowych (adres: Generalny Inspektor Ochrony Danych Osobowych, ul. Stawki 2, 00-193 Warszawa). Chcieliby\u015bmy jednak zaznaczy\u0107, \u017ce wkr\u00f3tce w\u0142a\u015bciwym organem nadzorczym w tej kwestii mo\u017ce by\u0107 Prezes Urz\u0119du Ochrony Danych Osobowych.<\/p>\n\n\n\n<p>Maj\u0105 Pa\u0144stwo prawo wnie\u015b\u0107 sprzeciw wobec przetwarzania danych osobowych, gdy:<\/p>\n\n\n\n<ul class=\"wp-block-list\">\n<li>przetwarzanie Pa\u0144stwa danych osobowych odbywa si\u0119 na podstawie prawnie uzasadnionego interesu lub dla cel\u00f3w statystycznych, a sprzeciw jest uzasadniony przez szczeg\u00f3ln\u0105 sytuacj\u0119, w kt\u00f3rej si\u0119 Pa\u0144stwo znale\u017ali,<\/li>\n<\/ul>\n\n\n\n<p>Pa\u0144stwa dane osobowe nie podlegaj\u0105 zautomatyzowanemu podejmowaniu decyzji, w tym profilowaniu.<\/p>\n\n\n\n<div style=\"height:63px\" aria-hidden=\"true\" class=\"wp-block-spacer\"><\/div>\n","protected":false},"excerpt":{"rendered":"<p>Polityka Prywatno\u015bci Druhny i druhowie, Drodzy Rodzice! W zwi\u0105zku z nowymi regulacjami o ochronie danych osobowych, spe\u0142niamy nasz obowi\u0105zek informacyjny o tym, jak przetwarzamy Pa\u0144stwa dane i dane Waszych dzieci. Poni\u017cej wyja\u015bniamy najwa\u017cniejsze kwestie. Kto jest administratorem Pa\u0144stwa danych? Administratorem, czyli podmiotem, kt\u00f3ry decyduje jak b\u0119d\u0105 wykorzystywane Pa\u0144stwa dane osobowe jest Zwi\u0105zek Harcerstwa Polskiego Chor\u0105giew [&hellip;]<\/p>\n","protected":false},"author":1,"featured_media":0,"parent":0,"menu_order":0,"comment_status":"closed","ping_status":"closed","template":"page-no-title","meta":{"footnotes":""},"class_list":["post-228","page","type-page","status-publish","hentry"],"_links":{"self":[{"href":"https:\/\/matecznik.piotrkow.zhp.pl\/index.php\/wp-json\/wp\/v2\/pages\/228","targetHints":{"allow":["GET"]}}],"collection":[{"href":"https:\/\/matecznik.piotrkow.zhp.pl\/index.php\/wp-json\/wp\/v2\/pages"}],"about":[{"href":"https:\/\/matecznik.piotrkow.zhp.pl\/index.php\/wp-json\/wp\/v2\/types\/page"}],"author":[{"embeddable":true,"href":"https:\/\/matecznik.piotrkow.zhp.pl\/index.php\/wp-json\/wp\/v2\/users\/1"}],"replies":[{"embeddable":true,"href":"https:\/\/matecznik.piotrkow.zhp.pl\/index.php\/wp-json\/wp\/v2\/comments?post=228"}],"version-history":[{"count":2,"href":"https:\/\/matecznik.piotrkow.zhp.pl\/index.php\/wp-json\/wp\/v2\/pages\/228\/revisions"}],"predecessor-version":[{"id":232,"href":"https:\/\/matecznik.piotrkow.zhp.pl\/index.php\/wp-json\/wp\/v2\/pages\/228\/revisions\/232"}],"wp:attachment":[{"href":"https:\/\/matecznik.piotrkow.zhp.pl\/index.php\/wp-json\/wp\/v2\/media?parent=228"}],"curies":[{"name":"wp","href":"https:\/\/api.w.org\/{rel}","templated":true}]}}