{"id":234,"date":"2025-12-11T22:17:50","date_gmt":"2025-12-11T22:17:50","guid":{"rendered":"http:\/\/localhost\/wordpress\/?page_id=234"},"modified":"2026-03-08T10:13:51","modified_gmt":"2026-03-08T10:13:51","slug":"7pdh","status":"publish","type":"page","link":"https:\/\/matecznik.piotrkow.zhp.pl\/index.php\/7pdh\/","title":{"rendered":"7PDH"},"content":{"rendered":"\n<div style=\"height:35px\" aria-hidden=\"true\" class=\"wp-block-spacer\"><\/div>\n\n\n\n<div class=\"wp-block-group alignwide is-layout-grid wp-container-core-group-is-layout-2a87fdaa wp-block-group-is-layout-grid\">\n<figure class=\"wp-block-image size-full has-custom-border wp-container-content-3cee032e\"><img loading=\"lazy\" decoding=\"async\" width=\"1048\" height=\"976\" src=\"http:\/\/matecznik.piotrkow.zhp.pl\/wp-content\/uploads\/2025\/12\/7-PDH-Spit.jpg\" alt=\"\" class=\"wp-image-237\" style=\"border-top-left-radius:0px;border-top-right-radius:0px;border-bottom-left-radius:0px;border-bottom-right-radius:0px;box-shadow:var(--wp--preset--shadow--natural)\"\/><\/figure>\n\n\n\n<div class=\"wp-block-group wp-container-content-24c4e8fb has-global-padding is-layout-constrained wp-block-group-is-layout-constrained\">\n<p><strong>O Dru\u017cynie<\/strong><\/p>\n\n\n\n<p>7 PDH SPIT im. gen. Roberta Baden-Powella Dzia\u0142amy przy szkole nr 12&nbsp;<\/p>\n\n\n\n<p>Nasze zbi\u00f3rki odbywaj\u0105 si\u0119 w pi\u0105tki w godzinach 16.30-18.30 w harc\u00f3wce hufca ul. Sienkiewicza 7<\/p>\n\n\n\n<p>Zawsze znajdziemy co\u015b co mo\u017cemy doskonali\u0107 poprzez harcersk\u0105 gr\u0119. Poszukujemy wyzwa\u0144 i nowych do\u015bwiadcze\u0144!<\/p>\n<\/div>\n\n\n\n<div class=\"wp-block-group wp-container-content-24c4e8fb has-global-padding is-layout-constrained wp-block-group-is-layout-constrained\">\n<div class=\"wp-block-group has-border-color has-background has-global-padding is-layout-constrained wp-container-core-group-is-layout-4fbfba58 wp-block-group-is-layout-constrained\" style=\"border-color:#111111;border-width:2px;border-top-left-radius:5px;border-top-right-radius:5px;border-bottom-left-radius:5px;border-bottom-right-radius:5px;background-color:#d3d3d3;padding-top:var(--wp--preset--spacing--20);padding-right:var(--wp--preset--spacing--20);padding-bottom:var(--wp--preset--spacing--20);padding-left:var(--wp--preset--spacing--20);box-shadow:var(--wp--preset--shadow--natural)\">\n<p><strong>Kontakt:<\/strong><\/p>\n\n\n\n<p><em>Dru\u017cynowy:<\/em> pion. Wiktoria Janik<\/p>\n\n\n\n<p><em>Nr. telefonu:<\/em> <a href=\"tel:576969780\">576 969 780<\/a>&nbsp;<\/p>\n\n\n\n<p><em>Email:<\/em> <a href=\"mailto:wiktoria.janik@zhp.pl\">wiktoria.janik@zhp.pl<\/a><\/p>\n<\/div>\n\n\n\n<div class=\"wp-block-group has-border-color has-background has-global-padding is-layout-constrained wp-container-core-group-is-layout-9e9be3cb wp-block-group-is-layout-constrained\" style=\"border-color:#111111;border-width:2px;border-top-left-radius:5px;border-top-right-radius:5px;border-bottom-left-radius:5px;border-bottom-right-radius:5px;background-color:#d3d3d3;padding-top:var(--wp--preset--spacing--20);padding-right:var(--wp--preset--spacing--20);padding-bottom:var(--wp--preset--spacing--20);padding-left:var(--wp--preset--spacing--20);box-shadow:var(--wp--preset--shadow--natural)\">\n<p><strong>Zbi\u00f3rki:<\/strong><\/p>\n\n\n\n<p>Harc\u00f3wka Szczepu &#8220;Matecznik&#8221;<\/p>\n\n\n\n<p>97-300, Piotrk\u00f3w Trybunalski, ul. Sienkiewicza 7<\/p>\n\n\n\n<p>Pi\u0105tek 16:30<\/p>\n<\/div>\n<\/div>\n<\/div>\n\n\n\n<div style=\"height:26px\" aria-hidden=\"true\" class=\"wp-block-spacer\"><\/div>\n\n\n\n<figure class=\"wp-block-gallery alignwide has-nested-images columns-2 is-cropped has-border-color wp-block-gallery-1 is-layout-flex wp-block-gallery-is-layout-flex\" style=\"border-color:#111111;border-width:3px;border-top-left-radius:7px;border-top-right-radius:7px;border-bottom-left-radius:7px;border-bottom-right-radius:7px\">\n<figure data-wp-context=\"{&quot;imageId&quot;:&quot;69dd8f95c5b8a&quot;}\" data-wp-interactive=\"core\/image\" data-wp-key=\"69dd8f95c5b8a\" class=\"wp-block-image size-large wp-lightbox-container\"><img loading=\"lazy\" decoding=\"async\" width=\"1200\" height=\"1600\" data-wp-class--hide=\"state.isContentHidden\" data-wp-class--show=\"state.isContentVisible\" data-wp-init=\"callbacks.setButtonStyles\" data-wp-on--click=\"actions.showLightbox\" data-wp-on--load=\"callbacks.setButtonStyles\" data-wp-on-window--resize=\"callbacks.setButtonStyles\" data-id=\"238\" src=\"http:\/\/matecznik.piotrkow.zhp.pl\/wp-content\/uploads\/2025\/12\/7.jpg\" alt=\"\" class=\"wp-image-238\" style=\"aspect-ratio:1\"\/><button\n\t\t\tclass=\"lightbox-trigger\"\n\t\t\ttype=\"button\"\n\t\t\taria-haspopup=\"dialog\"\n\t\t\taria-label=\"Enlarge\"\n\t\t\tdata-wp-init=\"callbacks.initTriggerButton\"\n\t\t\tdata-wp-on--click=\"actions.showLightbox\"\n\t\t\tdata-wp-style--right=\"state.imageButtonRight\"\n\t\t\tdata-wp-style--top=\"state.imageButtonTop\"\n\t\t>\n\t\t\t<svg xmlns=\"http:\/\/www.w3.org\/2000\/svg\" width=\"12\" height=\"12\" fill=\"none\" viewBox=\"0 0 12 12\">\n\t\t\t\t<path fill=\"#fff\" d=\"M2 0a2 2 0 0 0-2 2v2h1.5V2a.5.5 0 0 1 .5-.5h2V0H2Zm2 10.5H2a.5.5 0 0 1-.5-.5V8H0v2a2 2 0 0 0 2 2h2v-1.5ZM8 12v-1.5h2a.5.5 0 0 0 .5-.5V8H12v2a2 2 0 0 1-2 2H8Zm2-12a2 2 0 0 1 2 2v2h-1.5V2a.5.5 0 0 0-.5-.5H8V0h2Z\" \/>\n\t\t\t<\/svg>\n\t\t<\/button><\/figure>\n\n\n\n<figure data-wp-context=\"{&quot;imageId&quot;:&quot;69dd8f95c5feb&quot;}\" data-wp-interactive=\"core\/image\" data-wp-key=\"69dd8f95c5feb\" class=\"wp-block-image size-large wp-lightbox-container\"><img loading=\"lazy\" decoding=\"async\" width=\"2048\" height=\"1536\" data-wp-class--hide=\"state.isContentHidden\" data-wp-class--show=\"state.isContentVisible\" data-wp-init=\"callbacks.setButtonStyles\" data-wp-on--click=\"actions.showLightbox\" data-wp-on--load=\"callbacks.setButtonStyles\" data-wp-on-window--resize=\"callbacks.setButtonStyles\" data-id=\"239\" src=\"http:\/\/matecznik.piotrkow.zhp.pl\/wp-content\/uploads\/2025\/12\/7db9410a-3896-486a-9481-0e646410aed0.jpg\" alt=\"\" class=\"wp-image-239\" style=\"aspect-ratio:1\"\/><button\n\t\t\tclass=\"lightbox-trigger\"\n\t\t\ttype=\"button\"\n\t\t\taria-haspopup=\"dialog\"\n\t\t\taria-label=\"Enlarge\"\n\t\t\tdata-wp-init=\"callbacks.initTriggerButton\"\n\t\t\tdata-wp-on--click=\"actions.showLightbox\"\n\t\t\tdata-wp-style--right=\"state.imageButtonRight\"\n\t\t\tdata-wp-style--top=\"state.imageButtonTop\"\n\t\t>\n\t\t\t<svg xmlns=\"http:\/\/www.w3.org\/2000\/svg\" width=\"12\" height=\"12\" fill=\"none\" viewBox=\"0 0 12 12\">\n\t\t\t\t<path fill=\"#fff\" d=\"M2 0a2 2 0 0 0-2 2v2h1.5V2a.5.5 0 0 1 .5-.5h2V0H2Zm2 10.5H2a.5.5 0 0 1-.5-.5V8H0v2a2 2 0 0 0 2 2h2v-1.5ZM8 12v-1.5h2a.5.5 0 0 0 .5-.5V8H12v2a2 2 0 0 1-2 2H8Zm2-12a2 2 0 0 1 2 2v2h-1.5V2a.5.5 0 0 0-.5-.5H8V0h2Z\" \/>\n\t\t\t<\/svg>\n\t\t<\/button><\/figure>\n\n\n\n<figure data-wp-context=\"{&quot;imageId&quot;:&quot;69dd8f95c6408&quot;}\" data-wp-interactive=\"core\/image\" data-wp-key=\"69dd8f95c6408\" class=\"wp-block-image size-large wp-lightbox-container\"><img loading=\"lazy\" decoding=\"async\" width=\"1600\" height=\"900\" data-wp-class--hide=\"state.isContentHidden\" data-wp-class--show=\"state.isContentVisible\" data-wp-init=\"callbacks.setButtonStyles\" data-wp-on--click=\"actions.showLightbox\" data-wp-on--load=\"callbacks.setButtonStyles\" data-wp-on-window--resize=\"callbacks.setButtonStyles\" data-id=\"240\" src=\"http:\/\/matecznik.piotrkow.zhp.pl\/wp-content\/uploads\/2025\/12\/f8985be8-7168-4b49-aba8-0933f19a8163.jpg\" alt=\"\" class=\"wp-image-240\" style=\"aspect-ratio:1\"\/><button\n\t\t\tclass=\"lightbox-trigger\"\n\t\t\ttype=\"button\"\n\t\t\taria-haspopup=\"dialog\"\n\t\t\taria-label=\"Enlarge\"\n\t\t\tdata-wp-init=\"callbacks.initTriggerButton\"\n\t\t\tdata-wp-on--click=\"actions.showLightbox\"\n\t\t\tdata-wp-style--right=\"state.imageButtonRight\"\n\t\t\tdata-wp-style--top=\"state.imageButtonTop\"\n\t\t>\n\t\t\t<svg xmlns=\"http:\/\/www.w3.org\/2000\/svg\" width=\"12\" height=\"12\" fill=\"none\" viewBox=\"0 0 12 12\">\n\t\t\t\t<path fill=\"#fff\" d=\"M2 0a2 2 0 0 0-2 2v2h1.5V2a.5.5 0 0 1 .5-.5h2V0H2Zm2 10.5H2a.5.5 0 0 1-.5-.5V8H0v2a2 2 0 0 0 2 2h2v-1.5ZM8 12v-1.5h2a.5.5 0 0 0 .5-.5V8H12v2a2 2 0 0 1-2 2H8Zm2-12a2 2 0 0 1 2 2v2h-1.5V2a.5.5 0 0 0-.5-.5H8V0h2Z\" \/>\n\t\t\t<\/svg>\n\t\t<\/button><\/figure>\n\n\n\n<figure data-wp-context=\"{&quot;imageId&quot;:&quot;69dd8f95c67c3&quot;}\" data-wp-interactive=\"core\/image\" data-wp-key=\"69dd8f95c67c3\" class=\"wp-block-image size-large wp-lightbox-container\"><img loading=\"lazy\" decoding=\"async\" width=\"6000\" height=\"4000\" data-wp-class--hide=\"state.isContentHidden\" data-wp-class--show=\"state.isContentVisible\" data-wp-init=\"callbacks.setButtonStyles\" data-wp-on--click=\"actions.showLightbox\" data-wp-on--load=\"callbacks.setButtonStyles\" data-wp-on-window--resize=\"callbacks.setButtonStyles\" data-id=\"241\" src=\"http:\/\/matecznik.piotrkow.zhp.pl\/wp-content\/uploads\/2025\/12\/IMG_3831-1.jpg\" alt=\"\" class=\"wp-image-241\" style=\"aspect-ratio:1\"\/><button\n\t\t\tclass=\"lightbox-trigger\"\n\t\t\ttype=\"button\"\n\t\t\taria-haspopup=\"dialog\"\n\t\t\taria-label=\"Enlarge\"\n\t\t\tdata-wp-init=\"callbacks.initTriggerButton\"\n\t\t\tdata-wp-on--click=\"actions.showLightbox\"\n\t\t\tdata-wp-style--right=\"state.imageButtonRight\"\n\t\t\tdata-wp-style--top=\"state.imageButtonTop\"\n\t\t>\n\t\t\t<svg xmlns=\"http:\/\/www.w3.org\/2000\/svg\" width=\"12\" height=\"12\" fill=\"none\" viewBox=\"0 0 12 12\">\n\t\t\t\t<path fill=\"#fff\" d=\"M2 0a2 2 0 0 0-2 2v2h1.5V2a.5.5 0 0 1 .5-.5h2V0H2Zm2 10.5H2a.5.5 0 0 1-.5-.5V8H0v2a2 2 0 0 0 2 2h2v-1.5ZM8 12v-1.5h2a.5.5 0 0 0 .5-.5V8H12v2a2 2 0 0 1-2 2H8Zm2-12a2 2 0 0 1 2 2v2h-1.5V2a.5.5 0 0 0-.5-.5H8V0h2Z\" \/>\n\t\t\t<\/svg>\n\t\t<\/button><\/figure>\n<\/figure>\n\n\n\n<div style=\"height:41px\" aria-hidden=\"true\" class=\"wp-block-spacer\"><\/div>\n","protected":false},"excerpt":{"rendered":"<p>O Dru\u017cynie 7 PDH SPIT im. gen. Roberta Baden-Powella Dzia\u0142amy przy szkole nr 12&nbsp; Nasze zbi\u00f3rki odbywaj\u0105 si\u0119 w pi\u0105tki w godzinach 16.30-18.30 w harc\u00f3wce hufca ul. Sienkiewicza 7 Zawsze znajdziemy co\u015b co mo\u017cemy doskonali\u0107 poprzez harcersk\u0105 gr\u0119. Poszukujemy wyzwa\u0144 i nowych do\u015bwiadcze\u0144! Kontakt: Dru\u017cynowy: pion. Wiktoria Janik Nr. telefonu: 576 969 780&nbsp; Email: wiktoria.janik@zhp.pl [&hellip;]<\/p>\n","protected":false},"author":1,"featured_media":0,"parent":0,"menu_order":0,"comment_status":"closed","ping_status":"closed","template":"page-no-title","meta":{"footnotes":""},"class_list":["post-234","page","type-page","status-publish","hentry"],"_links":{"self":[{"href":"https:\/\/matecznik.piotrkow.zhp.pl\/index.php\/wp-json\/wp\/v2\/pages\/234","targetHints":{"allow":["GET"]}}],"collection":[{"href":"https:\/\/matecznik.piotrkow.zhp.pl\/index.php\/wp-json\/wp\/v2\/pages"}],"about":[{"href":"https:\/\/matecznik.piotrkow.zhp.pl\/index.php\/wp-json\/wp\/v2\/types\/page"}],"author":[{"embeddable":true,"href":"https:\/\/matecznik.piotrkow.zhp.pl\/index.php\/wp-json\/wp\/v2\/users\/1"}],"replies":[{"embeddable":true,"href":"https:\/\/matecznik.piotrkow.zhp.pl\/index.php\/wp-json\/wp\/v2\/comments?post=234"}],"version-history":[{"count":5,"href":"https:\/\/matecznik.piotrkow.zhp.pl\/index.php\/wp-json\/wp\/v2\/pages\/234\/revisions"}],"predecessor-version":[{"id":367,"href":"https:\/\/matecznik.piotrkow.zhp.pl\/index.php\/wp-json\/wp\/v2\/pages\/234\/revisions\/367"}],"wp:attachment":[{"href":"https:\/\/matecznik.piotrkow.zhp.pl\/index.php\/wp-json\/wp\/v2\/media?parent=234"}],"curies":[{"name":"wp","href":"https:\/\/api.w.org\/{rel}","templated":true}]}}