{"id":244,"date":"2025-12-11T22:24:59","date_gmt":"2025-12-11T22:24:59","guid":{"rendered":"http:\/\/localhost\/wordpress\/?page_id=244"},"modified":"2026-02-26T15:09:47","modified_gmt":"2026-02-26T15:09:47","slug":"2pgdh","status":"publish","type":"page","link":"https:\/\/matecznik.piotrkow.zhp.pl\/index.php\/2pgdh\/","title":{"rendered":"IIPGDH"},"content":{"rendered":"\n<div style=\"height:35px\" aria-hidden=\"true\" class=\"wp-block-spacer\"><\/div>\n\n\n\n<div class=\"wp-block-group alignwide is-layout-grid wp-container-core-group-is-layout-2a87fdaa wp-block-group-is-layout-grid\">\n<figure class=\"wp-block-image size-large has-custom-border wp-container-content-3cee032e\"><img loading=\"lazy\" decoding=\"async\" width=\"473\" height=\"1024\" src=\"https:\/\/matecznik.piotrkow.zhp.pl\/wp-content\/uploads\/2026\/02\/II-PGDH-Sulima-473x1024.png\" alt=\"\" class=\"wp-image-285\" style=\"border-top-left-radius:0px;border-top-right-radius:0px;border-bottom-left-radius:0px;border-bottom-right-radius:0px;box-shadow:var(--wp--preset--shadow--natural);aspect-ratio:3\/4;object-fit:cover\" srcset=\"https:\/\/matecznik.piotrkow.zhp.pl\/wp-content\/uploads\/2026\/02\/II-PGDH-Sulima-473x1024.png 473w, https:\/\/matecznik.piotrkow.zhp.pl\/wp-content\/uploads\/2026\/02\/II-PGDH-Sulima-139x300.png 139w, https:\/\/matecznik.piotrkow.zhp.pl\/wp-content\/uploads\/2026\/02\/II-PGDH-Sulima-768x1662.png 768w, https:\/\/matecznik.piotrkow.zhp.pl\/wp-content\/uploads\/2026\/02\/II-PGDH-Sulima-710x1536.png 710w, https:\/\/matecznik.piotrkow.zhp.pl\/wp-content\/uploads\/2026\/02\/II-PGDH-Sulima-946x2048.png 946w, https:\/\/matecznik.piotrkow.zhp.pl\/wp-content\/uploads\/2026\/02\/II-PGDH-Sulima.png 1170w\" sizes=\"auto, (max-width: 473px) 100vw, 473px\" \/><\/figure>\n\n\n\n<div class=\"wp-block-group wp-container-content-24c4e8fb has-global-padding is-layout-constrained wp-block-group-is-layout-constrained\">\n<p><strong>O Dru\u017cynie<\/strong><\/p>\n\n\n\n<p>Dru\u017cyna dzia\u0142a przy Szkole Podstawowej nr 8 i Szkole Podstawowej nr 10 w Piotrkowie Trybunalskim. Powsta\u0142a w 1994 roku z inicjatywy phm. Agnieszki G\u00f3rnej &#8211; Dudek, od pocz\u0105tku swojej dzia\u0142alno\u015bci wchodzi w sk\u0142ad I \u015arodowiskowego Szczepu Harcerskiego \u201eMatecznik\u201d im. J\u00f3zefa Andrzeja Grzesiaka \u201eCzarnego\u201d, z kt\u00f3rym je\u017adzi na biwaki i obozy. Zbi\u00f3rki odbywaj\u0105 si\u0119 co tydzie\u0144 (pi\u0105tek, godz. 16:30) w harc\u00f3wce szczepu przy Komendzie Hufca w Przedszkolu Samorz\u0105dowym nr 1 w Piotrkowie Trybunalskim przy ulicy Sienkiewicza 7.<\/p>\n<\/div>\n\n\n\n<div class=\"wp-block-group wp-container-content-24c4e8fb has-global-padding is-layout-constrained wp-block-group-is-layout-constrained\">\n<div class=\"wp-block-group has-border-color has-background has-global-padding is-layout-constrained wp-container-core-group-is-layout-4fbfba58 wp-block-group-is-layout-constrained\" style=\"border-color:#111111;border-width:2px;border-top-left-radius:5px;border-top-right-radius:5px;border-bottom-left-radius:5px;border-bottom-right-radius:5px;background-color:#d3d3d3;padding-top:var(--wp--preset--spacing--20);padding-right:var(--wp--preset--spacing--20);padding-bottom:var(--wp--preset--spacing--20);padding-left:var(--wp--preset--spacing--20);box-shadow:var(--wp--preset--shadow--natural)\">\n<p><strong>Kontakt:<\/strong><\/p>\n\n\n\n<p><em>Dru\u017cynowy:<\/em> pwd. Kacper Ba\u0142ecki<\/p>\n\n\n\n<p><em>Nr. telefonu:<\/em> <a href=\"tel:790791409\">790 791 409<\/a><\/p>\n\n\n\n<p><em>Email:<\/em> <a href=\"mailto:kacper.balecki@zhp.net.pl\">kacper.balecki@zhp.net.pl<\/a><\/p>\n<\/div>\n\n\n\n<div class=\"wp-block-group has-border-color has-background has-global-padding is-layout-constrained wp-container-core-group-is-layout-9e9be3cb wp-block-group-is-layout-constrained\" style=\"border-color:#111111;border-width:2px;border-top-left-radius:5px;border-top-right-radius:5px;border-bottom-left-radius:5px;border-bottom-right-radius:5px;background-color:#d3d3d3;padding-top:var(--wp--preset--spacing--20);padding-right:var(--wp--preset--spacing--20);padding-bottom:var(--wp--preset--spacing--20);padding-left:var(--wp--preset--spacing--20);box-shadow:var(--wp--preset--shadow--natural)\">\n<p><strong>Zbi\u00f3rki:<\/strong><\/p>\n\n\n\n<p>Harc\u00f3wka Szczepu &#8220;Matecznik&#8221;<\/p>\n\n\n\n<p>97-300, Piotrk\u00f3w Trybunalski, ul. Sienkiewicza 7<\/p>\n\n\n\n<p>Pi\u0105tek 16:30<\/p>\n<\/div>\n<\/div>\n<\/div>\n\n\n\n<figure data-wp-context=\"{&quot;imageId&quot;:&quot;69e34bedc5bb8&quot;}\" data-wp-interactive=\"core\/image\" data-wp-key=\"69e34bedc5bb8\" class=\"wp-block-image aligncenter size-full is-resized has-custom-border is-style-default wp-lightbox-container\"><img loading=\"lazy\" decoding=\"async\" width=\"1414\" height=\"2000\" data-wp-class--hide=\"state.isContentHidden\" data-wp-class--show=\"state.isContentVisible\" data-wp-init=\"callbacks.setButtonStyles\" data-wp-on--click=\"actions.showLightbox\" data-wp-on--load=\"callbacks.setButtonStyles\" data-wp-on-window--resize=\"callbacks.setButtonStyles\" src=\"https:\/\/matecznik.piotrkow.zhp.pl\/wp-content\/uploads\/2026\/02\/c15958cb-673e-4021-947c-787ab0c341c4.jpg\" alt=\"\" class=\"has-border-color wp-image-286\" style=\"border-color:#111111;border-width:2px;border-top-left-radius:5px;border-top-right-radius:5px;border-bottom-left-radius:5px;border-bottom-right-radius:5px;width:700px;height:auto\" srcset=\"https:\/\/matecznik.piotrkow.zhp.pl\/wp-content\/uploads\/2026\/02\/c15958cb-673e-4021-947c-787ab0c341c4.jpg 1414w, https:\/\/matecznik.piotrkow.zhp.pl\/wp-content\/uploads\/2026\/02\/c15958cb-673e-4021-947c-787ab0c341c4-212x300.jpg 212w, https:\/\/matecznik.piotrkow.zhp.pl\/wp-content\/uploads\/2026\/02\/c15958cb-673e-4021-947c-787ab0c341c4-724x1024.jpg 724w, https:\/\/matecznik.piotrkow.zhp.pl\/wp-content\/uploads\/2026\/02\/c15958cb-673e-4021-947c-787ab0c341c4-768x1086.jpg 768w, https:\/\/matecznik.piotrkow.zhp.pl\/wp-content\/uploads\/2026\/02\/c15958cb-673e-4021-947c-787ab0c341c4-1086x1536.jpg 1086w\" sizes=\"auto, (max-width: 1414px) 100vw, 1414px\" \/><button\n\t\t\tclass=\"lightbox-trigger\"\n\t\t\ttype=\"button\"\n\t\t\taria-haspopup=\"dialog\"\n\t\t\taria-label=\"Enlarge\"\n\t\t\tdata-wp-init=\"callbacks.initTriggerButton\"\n\t\t\tdata-wp-on--click=\"actions.showLightbox\"\n\t\t\tdata-wp-style--right=\"state.imageButtonRight\"\n\t\t\tdata-wp-style--top=\"state.imageButtonTop\"\n\t\t>\n\t\t\t<svg xmlns=\"http:\/\/www.w3.org\/2000\/svg\" width=\"12\" height=\"12\" fill=\"none\" viewBox=\"0 0 12 12\">\n\t\t\t\t<path fill=\"#fff\" d=\"M2 0a2 2 0 0 0-2 2v2h1.5V2a.5.5 0 0 1 .5-.5h2V0H2Zm2 10.5H2a.5.5 0 0 1-.5-.5V8H0v2a2 2 0 0 0 2 2h2v-1.5ZM8 12v-1.5h2a.5.5 0 0 0 .5-.5V8H12v2a2 2 0 0 1-2 2H8Zm2-12a2 2 0 0 1 2 2v2h-1.5V2a.5.5 0 0 0-.5-.5H8V0h2Z\" \/>\n\t\t\t<\/svg>\n\t\t<\/button><\/figure>\n\n\n\n<div style=\"height:41px\" aria-hidden=\"true\" class=\"wp-block-spacer\"><\/div>\n","protected":false},"excerpt":{"rendered":"<p>O Dru\u017cynie Dru\u017cyna dzia\u0142a przy Szkole Podstawowej nr 8 i Szkole Podstawowej nr 10 w Piotrkowie Trybunalskim. Powsta\u0142a w 1994 roku z inicjatywy phm. Agnieszki G\u00f3rnej &#8211; Dudek, od pocz\u0105tku swojej dzia\u0142alno\u015bci wchodzi w sk\u0142ad I \u015arodowiskowego Szczepu Harcerskiego \u201eMatecznik\u201d im. J\u00f3zefa Andrzeja Grzesiaka \u201eCzarnego\u201d, z kt\u00f3rym je\u017adzi na biwaki i obozy. Zbi\u00f3rki odbywaj\u0105 si\u0119 [&hellip;]<\/p>\n","protected":false},"author":1,"featured_media":0,"parent":0,"menu_order":0,"comment_status":"closed","ping_status":"closed","template":"page-no-title","meta":{"footnotes":""},"class_list":["post-244","page","type-page","status-publish","hentry"],"_links":{"self":[{"href":"https:\/\/matecznik.piotrkow.zhp.pl\/index.php\/wp-json\/wp\/v2\/pages\/244","targetHints":{"allow":["GET"]}}],"collection":[{"href":"https:\/\/matecznik.piotrkow.zhp.pl\/index.php\/wp-json\/wp\/v2\/pages"}],"about":[{"href":"https:\/\/matecznik.piotrkow.zhp.pl\/index.php\/wp-json\/wp\/v2\/types\/page"}],"author":[{"embeddable":true,"href":"https:\/\/matecznik.piotrkow.zhp.pl\/index.php\/wp-json\/wp\/v2\/users\/1"}],"replies":[{"embeddable":true,"href":"https:\/\/matecznik.piotrkow.zhp.pl\/index.php\/wp-json\/wp\/v2\/comments?post=244"}],"version-history":[{"count":6,"href":"https:\/\/matecznik.piotrkow.zhp.pl\/index.php\/wp-json\/wp\/v2\/pages\/244\/revisions"}],"predecessor-version":[{"id":290,"href":"https:\/\/matecznik.piotrkow.zhp.pl\/index.php\/wp-json\/wp\/v2\/pages\/244\/revisions\/290"}],"wp:attachment":[{"href":"https:\/\/matecznik.piotrkow.zhp.pl\/index.php\/wp-json\/wp\/v2\/media?parent=244"}],"curies":[{"name":"wp","href":"https:\/\/api.w.org\/{rel}","templated":true}]}}