{"id":55,"date":"2025-12-03T13:47:14","date_gmt":"2025-12-03T13:47:14","guid":{"rendered":"http:\/\/localhost\/wordpress\/?page_id=55"},"modified":"2026-02-26T17:34:41","modified_gmt":"2026-02-26T17:34:41","slug":"sprawnosci-szczepu","status":"publish","type":"page","link":"https:\/\/matecznik.piotrkow.zhp.pl\/index.php\/sprawnosci-szczepu\/","title":{"rendered":"Sprawnosci Szczepu"},"content":{"rendered":"\n<div class=\"wp-block-group alignwide has-global-padding is-layout-constrained wp-block-group-is-layout-constrained\">\n<div style=\"height:42px\" aria-hidden=\"true\" class=\"wp-block-spacer\"><\/div>\n\n\n\n<div class=\"wp-block-group alignwide is-vertical is-content-justification-center is-layout-flex wp-container-core-group-is-layout-ce155fab wp-block-group-is-layout-flex\">\n<h3 class=\"wp-block-heading\">Szczep harcerski &#8220;Matecznik&#8221; posiada 6 sprawno\u015bci szczepu, 2 zuchowe, 2 harcerskie i 2 w\u0119drownicze.  <\/h3>\n\n\n\n<p class=\"has-text-align-center\"><strong><em>\u201eSprawno\u015bci harcerskie to nie order, to pr\u00f3ba warto\u015bci i przydatno\u015bci\u201d J\u00f3zef Sosnowski<\/em><\/strong><\/p>\n\n\n\n<figure class=\"wp-block-gallery has-nested-images columns-2 is-cropped wp-block-gallery-1 is-layout-flex wp-block-gallery-is-layout-flex\" style=\"border-style:none;border-width:0px;border-top-left-radius:0px;border-top-right-radius:0px;border-bottom-left-radius:0px;border-bottom-right-radius:0px\">\n<figure class=\"wp-block-image size-large has-custom-border\"><img loading=\"lazy\" decoding=\"async\" width=\"1080\" height=\"1080\" data-id=\"81\" src=\"http:\/\/matecznik.piotrkow.zhp.pl\/wp-content\/uploads\/2025\/12\/sprawnosc-Czarny.jpg\" alt=\"\" class=\"wp-image-81\" style=\"border-width:4px;border-top-left-radius:10px;border-top-right-radius:10px;border-bottom-left-radius:10px;border-bottom-right-radius:10px\"\/><\/figure>\n\n\n\n<figure class=\"wp-block-image size-large has-custom-border\"><img loading=\"lazy\" decoding=\"async\" width=\"1080\" height=\"1080\" data-id=\"84\" src=\"http:\/\/matecznik.piotrkow.zhp.pl\/wp-content\/uploads\/2025\/12\/sprawnosc-Wilk.jpg\" alt=\"\" class=\"wp-image-84\" style=\"border-width:4px;border-top-left-radius:10px;border-top-right-radius:10px;border-bottom-left-radius:10px;border-bottom-right-radius:10px\"\/><\/figure>\n\n\n\n<figure class=\"wp-block-image size-large has-custom-border\"><img loading=\"lazy\" decoding=\"async\" width=\"1080\" height=\"1080\" data-id=\"79\" src=\"http:\/\/matecznik.piotrkow.zhp.pl\/wp-content\/uploads\/2025\/12\/sprawnosc-Czarny-1.jpg\" alt=\"\" class=\"wp-image-79\" style=\"border-width:4px;border-top-left-radius:10px;border-top-right-radius:10px;border-bottom-left-radius:10px;border-bottom-right-radius:10px\"\/><\/figure>\n\n\n\n<figure class=\"wp-block-image size-large has-custom-border\"><img loading=\"lazy\" decoding=\"async\" width=\"1080\" height=\"1080\" data-id=\"82\" src=\"http:\/\/matecznik.piotrkow.zhp.pl\/wp-content\/uploads\/2025\/12\/sprawnosc-Wilk-1.jpg\" alt=\"\" class=\"wp-image-82\" style=\"border-width:4px;border-top-left-radius:10px;border-top-right-radius:10px;border-bottom-left-radius:10px;border-bottom-right-radius:10px\"\/><\/figure>\n\n\n\n<figure class=\"wp-block-image size-large has-custom-border\"><img loading=\"lazy\" decoding=\"async\" width=\"1080\" height=\"1080\" data-id=\"80\" src=\"http:\/\/matecznik.piotrkow.zhp.pl\/wp-content\/uploads\/2025\/12\/sprawnosc-Czarny-2.jpg\" alt=\"\" class=\"wp-image-80\" style=\"border-width:4px;border-top-left-radius:10px;border-top-right-radius:10px;border-bottom-left-radius:10px;border-bottom-right-radius:10px\"\/><\/figure>\n\n\n\n<figure class=\"wp-block-image size-large has-custom-border\"><img loading=\"lazy\" decoding=\"async\" width=\"1080\" height=\"1080\" data-id=\"83\" src=\"http:\/\/matecznik.piotrkow.zhp.pl\/wp-content\/uploads\/2025\/12\/sprawnosc-Wilk-2.jpg\" alt=\"\" class=\"wp-image-83\" style=\"border-width:4px;border-top-left-radius:10px;border-top-right-radius:10px;border-bottom-left-radius:10px;border-bottom-right-radius:10px\"\/><\/figure>\n<\/figure>\n\n\n\n<div class=\"wp-block-group has-global-padding is-layout-constrained wp-block-group-is-layout-constrained\">\n<div class=\"wp-block-columns is-layout-flex wp-container-core-columns-is-layout-28f84493 wp-block-columns-is-layout-flex\">\n<div class=\"wp-block-column is-layout-flow wp-block-column-is-layout-flow\" style=\"flex-basis:100%\">\n<div class=\"wp-block-group is-content-justification-center is-nowrap is-layout-flex wp-container-core-group-is-layout-23441af8 wp-block-group-is-layout-flex\">\n<div class=\"wp-block-group has-small-font-size has-global-padding is-layout-constrained wp-container-core-group-is-layout-c385debf wp-block-group-is-layout-constrained\" style=\"border-width:2px;border-top-left-radius:5px;border-top-right-radius:5px;border-bottom-left-radius:5px;border-bottom-right-radius:5px;padding-top:var(--wp--preset--spacing--20);padding-right:var(--wp--preset--spacing--20);padding-bottom:var(--wp--preset--spacing--20);padding-left:var(--wp--preset--spacing--20)\">\n<p><a href=\"http:\/\/matecznik.piotrkow.zhp.pl\/wp-content\/uploads\/2026\/02\/Kalendarium-Szczepu-.pdf\" data-type=\"link\" data-id=\"http:\/\/matecznik.piotrkow.zhp.pl\/wp-content\/uploads\/2026\/02\/Kalendarium-Szczepu-.pdf\">Kalendarium Szczepu<\/a><\/p>\n<\/div>\n\n\n\n<div class=\"wp-block-group has-small-font-size has-global-padding is-layout-constrained wp-container-core-group-is-layout-c385debf wp-block-group-is-layout-constrained\" style=\"border-width:2px;border-top-left-radius:5px;border-top-right-radius:5px;border-bottom-left-radius:5px;border-bottom-right-radius:5px;padding-top:var(--wp--preset--spacing--20);padding-right:var(--wp--preset--spacing--20);padding-bottom:var(--wp--preset--spacing--20);padding-left:var(--wp--preset--spacing--20)\">\n<p><a href=\"http:\/\/matecznik.piotrkow.zhp.pl\/wp-content\/uploads\/2026\/02\/Zyciorys-Grzesiaka.pdf\" data-type=\"link\" data-id=\"http:\/\/matecznik.piotrkow.zhp.pl\/wp-content\/uploads\/2026\/02\/Zyciorys-Grzesiaka.pdf\">\u017byciorys J\u00f3zefa Andrzeja Grzesiaka &#8220;Czarnego&#8221;<\/a><\/p>\n<\/div>\n<\/div>\n<\/div>\n<\/div>\n<\/div>\n\n\n\n<div class=\"wp-block-group is-nowrap is-layout-flex wp-container-core-group-is-layout-6c531013 wp-block-group-is-layout-flex\">\n<div class=\"wp-block-group has-base-background-color has-background has-link-color has-small-font-size wp-elements-9de7972a0b81843b6fa1c5a9ac7c8e1d is-content-justification-center is-nowrap is-layout-flex wp-container-core-group-is-layout-cf138b5d wp-block-group-is-layout-flex\" style=\"border-width:2px;border-top-left-radius:5px;border-top-right-radius:5px;border-bottom-left-radius:5px;border-bottom-right-radius:5px;padding-top:var(--wp--preset--spacing--20);padding-right:var(--wp--preset--spacing--20);padding-bottom:var(--wp--preset--spacing--20);padding-left:var(--wp--preset--spacing--20)\">\n<div class=\"wp-block-group has-global-padding is-layout-constrained wp-block-group-is-layout-constrained\">\n<p><a href=\"http:\/\/matecznik.piotrkow.zhp.pl\/wp-content\/uploads\/2026\/02\/Opracowanie-sprawnosci-KMITA.pdf\" data-type=\"link\" data-id=\"http:\/\/matecznik.piotrkow.zhp.pl\/wp-content\/uploads\/2026\/02\/Opracowanie-sprawnosci-KMITA.pdf\">Opracowanie Sprawno\u015bci &#8220;Kmita&#8221;<\/a><\/p>\n<\/div>\n<\/div>\n\n\n\n<div class=\"wp-block-group has-base-background-color has-background has-link-color has-small-font-size wp-elements-9ea04575089ad1839a9a7c999e1edc7b is-content-justification-center is-nowrap is-layout-flex wp-container-core-group-is-layout-cf138b5d wp-block-group-is-layout-flex\" style=\"border-width:2px;border-top-left-radius:5px;border-top-right-radius:5px;border-bottom-left-radius:5px;border-bottom-right-radius:5px;padding-top:var(--wp--preset--spacing--20);padding-right:var(--wp--preset--spacing--20);padding-bottom:var(--wp--preset--spacing--20);padding-left:var(--wp--preset--spacing--20)\">\n<div class=\"wp-block-group has-global-padding is-layout-constrained wp-block-group-is-layout-constrained\">\n<p><a href=\"http:\/\/matecznik.piotrkow.zhp.pl\/wp-content\/uploads\/2026\/02\/Opracowanie-sprawnosci-MAR.pdf\" data-type=\"link\" data-id=\"http:\/\/matecznik.piotrkow.zhp.pl\/wp-content\/uploads\/2026\/02\/Opracowanie-sprawnosci-MAR.pdf\">Opracowanie Sprawno\u015bci &#8220;Mar&#8221;<\/a><\/p>\n<\/div>\n<\/div>\n\n\n\n<div class=\"wp-block-group has-base-background-color has-background has-link-color has-small-font-size wp-elements-4a71dd9bb8835e5e4627a54a7a911730 is-content-justification-center is-nowrap is-layout-flex wp-container-core-group-is-layout-cf138b5d wp-block-group-is-layout-flex\" style=\"border-width:2px;border-top-left-radius:5px;border-top-right-radius:5px;border-bottom-left-radius:5px;border-bottom-right-radius:5px;padding-top:var(--wp--preset--spacing--20);padding-right:var(--wp--preset--spacing--20);padding-bottom:var(--wp--preset--spacing--20);padding-left:var(--wp--preset--spacing--20)\">\n<div class=\"wp-block-group has-global-padding is-layout-constrained wp-block-group-is-layout-constrained\">\n<p><a href=\"http:\/\/matecznik.piotrkow.zhp.pl\/wp-content\/uploads\/2026\/02\/Opracowanie-sprawnosci-TRZYNASTAK.pdf\" data-type=\"link\" data-id=\"http:\/\/matecznik.piotrkow.zhp.pl\/wp-content\/uploads\/2026\/02\/Opracowanie-sprawnosci-TRZYNASTAK.pdf\">Opracowanie Sprawno\u015bci &#8220;Trzynastak&#8221;<\/a><\/p>\n<\/div>\n<\/div>\n\n\n\n<div class=\"wp-block-group has-base-background-color has-background has-link-color has-small-font-size wp-elements-a39a68111bc82f99727d8038562587de is-content-justification-center is-nowrap is-layout-flex wp-container-core-group-is-layout-cf138b5d wp-block-group-is-layout-flex\" style=\"border-width:2px;border-top-left-radius:5px;border-top-right-radius:5px;border-bottom-left-radius:5px;border-bottom-right-radius:5px;padding-top:var(--wp--preset--spacing--20);padding-right:var(--wp--preset--spacing--20);padding-bottom:var(--wp--preset--spacing--20);padding-left:var(--wp--preset--spacing--20)\">\n<div class=\"wp-block-group has-global-padding is-layout-constrained wp-block-group-is-layout-constrained\">\n<p><a href=\"http:\/\/matecznik.piotrkow.zhp.pl\/wp-content\/uploads\/2026\/02\/Opracowanie-sprawnosci-OBIEZYSWIAT.pdf\" data-type=\"link\" data-id=\"http:\/\/matecznik.piotrkow.zhp.pl\/wp-content\/uploads\/2026\/02\/Opracowanie-sprawnosci-OBIEZYSWIAT.pdf\">Opracowanie Sprawno\u015bci &#8220;Obie\u017cy\u015bwiat&#8221;<\/a><\/p>\n<\/div>\n<\/div>\n<\/div>\n<\/div>\n<\/div>\n","protected":false},"excerpt":{"rendered":"<p>Szczep harcerski &#8220;Matecznik&#8221; posiada 6 sprawno\u015bci szczepu, 2 zuchowe, 2 harcerskie i 2 w\u0119drownicze. \u201eSprawno\u015bci harcerskie to nie order, to pr\u00f3ba warto\u015bci i przydatno\u015bci\u201d J\u00f3zef Sosnowski Kalendarium Szczepu \u017byciorys J\u00f3zefa Andrzeja Grzesiaka &#8220;Czarnego&#8221; Opracowanie Sprawno\u015bci &#8220;Kmita&#8221; Opracowanie Sprawno\u015bci &#8220;Mar&#8221; Opracowanie Sprawno\u015bci &#8220;Trzynastak&#8221; Opracowanie Sprawno\u015bci &#8220;Obie\u017cy\u015bwiat&#8221;<\/p>\n","protected":false},"author":1,"featured_media":0,"parent":0,"menu_order":0,"comment_status":"closed","ping_status":"closed","template":"page-no-title","meta":{"footnotes":""},"class_list":["post-55","page","type-page","status-publish","hentry"],"_links":{"self":[{"href":"https:\/\/matecznik.piotrkow.zhp.pl\/index.php\/wp-json\/wp\/v2\/pages\/55","targetHints":{"allow":["GET"]}}],"collection":[{"href":"https:\/\/matecznik.piotrkow.zhp.pl\/index.php\/wp-json\/wp\/v2\/pages"}],"about":[{"href":"https:\/\/matecznik.piotrkow.zhp.pl\/index.php\/wp-json\/wp\/v2\/types\/page"}],"author":[{"embeddable":true,"href":"https:\/\/matecznik.piotrkow.zhp.pl\/index.php\/wp-json\/wp\/v2\/users\/1"}],"replies":[{"embeddable":true,"href":"https:\/\/matecznik.piotrkow.zhp.pl\/index.php\/wp-json\/wp\/v2\/comments?post=55"}],"version-history":[{"count":19,"href":"https:\/\/matecznik.piotrkow.zhp.pl\/index.php\/wp-json\/wp\/v2\/pages\/55\/revisions"}],"predecessor-version":[{"id":359,"href":"https:\/\/matecznik.piotrkow.zhp.pl\/index.php\/wp-json\/wp\/v2\/pages\/55\/revisions\/359"}],"wp:attachment":[{"href":"https:\/\/matecznik.piotrkow.zhp.pl\/index.php\/wp-json\/wp\/v2\/media?parent=55"}],"curies":[{"name":"wp","href":"https:\/\/api.w.org\/{rel}","templated":true}]}}